{"id":166,"date":"2021-09-30T12:33:46","date_gmt":"2021-09-30T12:33:46","guid":{"rendered":"https:\/\/jk-licht.de\/en\/\/bodenmatten-copy\/"},"modified":"2023-02-22T09:48:52","modified_gmt":"2023-02-22T09:48:52","slug":"aroma","status":"publish","type":"page","link":"https:\/\/jk-licht.de\/en\/aroma\/","title":{"rendered":"AROMA"},"content":{"rendered":"<p>[vc_row css_animation=&#8221;&#8221; row_type=&#8221;row&#8221; use_row_as_full_screen_section=&#8221;no&#8221; type=&#8221;full_width&#8221; angled_section=&#8221;no&#8221; text_align=&#8221;left&#8221; background_image_as_pattern=&#8221;without_pattern&#8221; z_index=&#8221;0&#8243;][vc_column offset=&#8221;vc_hidden-sm vc_hidden-xs&#8221;][vc_single_image image=&#8221;167&#8243; img_size=&#8221;full&#8221; qode_css_animation=&#8221;&#8221;][\/vc_column][\/vc_row][vc_row css_animation=&#8221;&#8221; row_type=&#8221;row&#8221; use_row_as_full_screen_section=&#8221;no&#8221; type=&#8221;full_width&#8221; angled_section=&#8221;no&#8221; text_align=&#8221;left&#8221; background_image_as_pattern=&#8221;without_pattern&#8221; z_index=&#8221;0&#8243;][vc_column css=&#8221;.vc_custom_1653850585664{margin-top: -80px !important;}&#8221; offset=&#8221;vc_hidden-sm vc_hidden-xs&#8221;][vc_separator type=&#8221;normal&#8221; color=&#8221;#ffffff&#8221; thickness=&#8221;20&#8243;][\/vc_column][\/vc_row][vc_row css_animation=&#8221;&#8221; row_type=&#8221;row&#8221; use_row_as_full_screen_section=&#8221;no&#8221; type=&#8221;full_width&#8221; angled_section=&#8221;no&#8221; text_align=&#8221;center&#8221; background_image_as_pattern=&#8221;without_pattern&#8221; css=&#8221;.vc_custom_1626967593037{margin-top: -60px !important;background-color: #d5dedf !important;}&#8221; z_index=&#8221;0&#8243; el_class=&#8221;1&#8243;][vc_column offset=&#8221;vc_hidden-sm vc_hidden-xs&#8221;][vc_row_inner row_type=&#8221;row&#8221; type=&#8221;grid&#8221; text_align=&#8221;left&#8221; css_animation=&#8221;&#8221; css=&#8221;.vc_custom_1626967386811{margin-top: -200px !important;}&#8221;][vc_column_inner width=&#8221;1\/6&#8243;][\/vc_column_inner][vc_column_inner width=&#8221;2\/3&#8243; css=&#8221;.vc_custom_1631629308174{padding-right: 50px !important;padding-left: 50px !important;background-color: #ffffff !important;}&#8221;][vc_empty_space height=&#8221;50px&#8221;][vc_column_text]<\/p>\n<h3 style=\"text-align: center;\"><strong>AROMA: TREAT ALL YOUR SENSES<\/strong><\/h3>\n<h3 class=\"p1\" style=\"text-align: center;\"><strong><span class=\"s1\">\u00a0<\/span><\/strong><\/h3>\n<p>[\/vc_column_text][vc_empty_space height=&#8221;50px&#8221;][vc_column_text]<\/p>\n<p style=\"text-align: center;\">The aroma fragrances of the Ergoline tanning beds pamper your customers with a subtle scent in the tanning tunnel and in the cabin. So that your customers can enjoy tanning with all their senses. Different fragrances (80 g each) are available for a refreshing and relaxed tanning experience. You decide whether you want to pamper your customers with a refreshing or a relaxing fragrance.<\/p>\n<p>[\/vc_column_text][vc_empty_space height=&#8221;50px&#8221;][\/vc_column_inner][vc_column_inner width=&#8221;1\/6&#8243;][\/vc_column_inner][\/vc_row_inner][vc_empty_space height=&#8221;50px&#8221;][vc_empty_space height=&#8221;50px&#8221;][\/vc_column][\/vc_row][vc_row css_animation=&#8221;&#8221; row_type=&#8221;row&#8221; use_row_as_full_screen_section=&#8221;no&#8221; type=&#8221;full_width&#8221; angled_section=&#8221;no&#8221; text_align=&#8221;center&#8221; background_image_as_pattern=&#8221;without_pattern&#8221; css=&#8221;.vc_custom_1626967593037{margin-top: -60px !important;background-color: #d5dedf !important;}&#8221; z_index=&#8221;0&#8243; el_class=&#8221;1&#8243;][vc_column offset=&#8221;vc_hidden-lg vc_hidden-md&#8221;][vc_empty_space height=&#8221;50px&#8221;][vc_empty_space height=&#8221;50px&#8221;][vc_empty_space height=&#8221;50px&#8221;][vc_single_image image=&#8221;167&#8243; img_size=&#8221;full&#8221; qode_css_animation=&#8221;&#8221;][vc_row_inner row_type=&#8221;row&#8221; type=&#8221;grid&#8221; text_align=&#8221;left&#8221; css_animation=&#8221;&#8221; css=&#8221;.vc_custom_1653850604461{margin-top: -20px !important;}&#8221;][vc_column_inner width=&#8221;1\/6&#8243;][\/vc_column_inner][vc_column_inner width=&#8221;2\/3&#8243; css=&#8221;.vc_custom_1631629308174{padding-right: 50px !important;padding-left: 50px !important;background-color: #ffffff !important;}&#8221;][vc_empty_space height=&#8221;50px&#8221;][vc_column_text]<\/p>\n<h3 class=\"p1\" style=\"text-align: center;\"><span class=\"s1\"><b>Aroma: Ein Fest f\u00fcr die Sinne<br \/>\n<\/b><\/span><\/h3>\n<p>[\/vc_column_text][vc_empty_space height=&#8221;50px&#8221;][vc_column_text]<\/p>\n<p class=\"p1\" style=\"text-align: center;\"><span class=\"s1\">Die Aroma-D\u00fcfte Ihrer Ergoline-Solarien verw\u00f6hnen mit einem dezenten Duft im Br\u00e4unungstunnel und in der Kabine. Damit Ihre Kunden die Besonnung mit allen Sinnen genie\u00dfen k\u00f6nnen. Fu\u0308r ein erfrischendes und relaxtes Br\u00e4unen stehen verschiedene Duftrichtungen (je 100 ml) zur Verfu\u0308gung. Sie entscheiden, ob Sie Ihre Kunden mit sanftem Heaven-, erfrischendem Vital- oder entspannendem Relax-Duft verw\u00f6hnen m\u00f6chten.<\/span><\/p>\n<p>[\/vc_column_text][vc_empty_space height=&#8221;50px&#8221;][\/vc_column_inner][vc_column_inner width=&#8221;1\/6&#8243;][\/vc_column_inner][\/vc_row_inner][vc_empty_space height=&#8221;50px&#8221;][vc_empty_space height=&#8221;50px&#8221;][\/vc_column][\/vc_row][vc_row css_animation=&#8221;&#8221; row_type=&#8221;row&#8221; use_row_as_full_screen_section=&#8221;no&#8221; type=&#8221;full_width&#8221; angled_section=&#8221;no&#8221; text_align=&#8221;left&#8221; background_image_as_pattern=&#8221;without_pattern&#8221;][vc_column][vc_empty_space height=&#8221;10px&#8221;][\/vc_column][\/vc_row]<\/p>\n","protected":false},"excerpt":{"rendered":"<p>[vc_row css_animation=&#8221;&#8221; row_type=&#8221;row&#8221; use_row_as_full_screen_section=&#8221;no&#8221; type=&#8221;full_width&#8221; angled_section=&#8221;no&#8221; text_align=&#8221;left&#8221; background_image_as_pattern=&#8221;without_pattern&#8221; z_index=&#8221;0&#8243;][vc_column offset=&#8221;vc_hidden-sm vc_hidden-xs&#8221;][vc_single_image image=&#8221;167&#8243; img_size=&#8221;full&#8221; qode_css_animation=&#8221;&#8221;][\/vc_column][\/vc_row][vc_row css_animation=&#8221;&#8221; row_type=&#8221;row&#8221; use_row_as_full_screen_section=&#8221;no&#8221; type=&#8221;full_width&#8221; angled_section=&#8221;no&#8221; text_align=&#8221;left&#8221; background_image_as_pattern=&#8221;without_pattern&#8221; z_index=&#8221;0&#8243;][vc_column css=&#8221;.vc_custom_1653850585664{margin-top: -80px !important;}&#8221; offset=&#8221;vc_hidden-sm vc_hidden-xs&#8221;][vc_separator type=&#8221;normal&#8221; color=&#8221;#ffffff&#8221; thickness=&#8221;20&#8243;][\/vc_column][\/vc_row][vc_row css_animation=&#8221;&#8221; row_type=&#8221;row&#8221; use_row_as_full_screen_section=&#8221;no&#8221; type=&#8221;full_width&#8221; angled_section=&#8221;no&#8221; text_align=&#8221;center&#8221; background_image_as_pattern=&#8221;without_pattern&#8221; css=&#8221;.vc_custom_1626967593037{margin-top: -60px !important;background-color: #d5dedf !important;}&#8221; z_index=&#8221;0&#8243; el_class=&#8221;1&#8243;][vc_column offset=&#8221;vc_hidden-sm&#8230;<\/p>\n","protected":false},"author":1,"featured_media":0,"parent":0,"menu_order":0,"comment_status":"closed","ping_status":"closed","template":"full_width.php","meta":{"_exactmetrics_skip_tracking":false,"_exactmetrics_sitenote_active":false,"_exactmetrics_sitenote_note":"","_exactmetrics_sitenote_category":0,"footnotes":""},"class_list":["post-166","page","type-page","status-publish","hentry"],"_links":{"self":[{"href":"https:\/\/jk-licht.de\/en\/wp-json\/wp\/v2\/pages\/166","targetHints":{"allow":["GET"]}}],"collection":[{"href":"https:\/\/jk-licht.de\/en\/wp-json\/wp\/v2\/pages"}],"about":[{"href":"https:\/\/jk-licht.de\/en\/wp-json\/wp\/v2\/types\/page"}],"author":[{"embeddable":true,"href":"https:\/\/jk-licht.de\/en\/wp-json\/wp\/v2\/users\/1"}],"replies":[{"embeddable":true,"href":"https:\/\/jk-licht.de\/en\/wp-json\/wp\/v2\/comments?post=166"}],"version-history":[{"count":9,"href":"https:\/\/jk-licht.de\/en\/wp-json\/wp\/v2\/pages\/166\/revisions"}],"predecessor-version":[{"id":809,"href":"https:\/\/jk-licht.de\/en\/wp-json\/wp\/v2\/pages\/166\/revisions\/809"}],"wp:attachment":[{"href":"https:\/\/jk-licht.de\/en\/wp-json\/wp\/v2\/media?parent=166"}],"curies":[{"name":"wp","href":"https:\/\/api.w.org\/{rel}","templated":true}]}}